{"id":1273,"date":"2022-01-05T12:22:13","date_gmt":"2022-01-05T12:22:13","guid":{"rendered":"https:\/\/www.marinapalamos.com\/?page_id=1273"},"modified":"2026-04-17T07:09:13","modified_gmt":"2026-04-17T07:09:13","slug":"politica-de-cookies","status":"publish","type":"page","link":"https:\/\/www.marinapalamos.com\/ca\/politica-de-cookies\/","title":{"rendered":"Pol\u00edtica de cookies"},"content":{"rendered":"<div class=\"fusion-fullwidth fullwidth-box fusion-builder-row-1 fusion-flex-container nonhundred-percent-fullwidth non-hundred-percent-height-scrolling\" style=\"--awb-border-radius-top-left:0px;--awb-border-radius-top-right:0px;--awb-border-radius-bottom-right:0px;--awb-border-radius-bottom-left:0px;--awb-flex-wrap:wrap;\" ><div class=\"fusion-builder-row fusion-row fusion-flex-align-items-flex-start fusion-flex-content-wrap\" style=\"max-width:1300px;margin-left: calc(-4% \/ 2 );margin-right: calc(-4% \/ 2 );\"><div class=\"fusion-layout-column fusion_builder_column fusion-builder-column-0 fusion_builder_column_1_1 1_1 fusion-flex-column\" style=\"--awb-bg-size:cover;--awb-width-large:100%;--awb-margin-top-large:0px;--awb-spacing-right-large:1.92%;--awb-margin-bottom-large:20px;--awb-spacing-left-large:1.92%;--awb-width-medium:100%;--awb-order-medium:0;--awb-spacing-right-medium:1.92%;--awb-spacing-left-medium:1.92%;--awb-width-small:100%;--awb-order-small:0;--awb-spacing-right-small:1.92%;--awb-spacing-left-small:1.92%;\"><div class=\"fusion-column-wrapper fusion-column-has-shadow fusion-flex-justify-content-flex-start fusion-content-layout-column\"><div class=\"fusion-text fusion-text-1\" style=\"--awb-text-transform:none;\"><p lang=\"en-US\"><strong><u>POL\u00cdTICA DE COOKIES<\/u><\/strong><\/p>\n<p>Una cookie \u00e9s un fitxer que es descarrega a l\u2019ordinador\/smartphone\/tablet de l\u2019usuari en accedir a determinades p\u00e0gines web per emmagatzemar i recuperar informaci\u00f3 sobre la navegaci\u00f3 que s\u2019efectua des d\u2019aquest equip, per\u00f2 no ens proporcionen informaci\u00f3 ni sobre el seu nom, ni sobre qualsevol altra dada de car\u00e0cter personal seva, constant \u00fanicament a efectes de funcionament, seguretat i estad\u00edstica. Les cookies que utilitzem no poden llegir dades del seu ordinador ni llegir dades d\u2019altres cookies. Pot configurar el seu navegador perqu\u00e8 l\u2019avisi a la pantalla que rebr\u00e0 una cookie. Si l\u2019usuari decideix no acceptar cookies, aix\u00f2 no impedir\u00e0 que pugui accedir a la informaci\u00f3 de www.marinapalamos.com.<\/p>\n<p>\u201cN\u00e0utic Palam\u00f3s, SA\u201d utilitza cookies pr\u00f2pies per gestionar els diferents serveis que s\u2019ofereixen a l\u2019usuari, i en funci\u00f3 de la seva finalitat podem distingir entre:<\/p>\n<p>Cookies de sessi\u00f3: S\u00f3n un tipus de cookies dissenyades per recaptar i emmagatzemar dades quan l\u2019usuari inicia sessi\u00f3 a l\u2019\u00e0rea privada de www.marinapalamos.com. Aquesta cookie caduca a la finalitzaci\u00f3 de la sessi\u00f3, esborrant-se del seu ordinador.<\/p>\n<p>Cookies persistents: S\u00f3n un tipus de cookies en les quals les dades segueixen emmagatzemades en el terminal i s\u2019hi poden accedir i ser tractades durant un per\u00edode definit pel responsable de la cookie, i que pot anar d\u2019uns minuts a diversos anys.<\/p>\n<p>Cookies t\u00e8cniques: S\u00f3n aquelles que permeten a l\u2019usuari la navegaci\u00f3 a trav\u00e9s d\u2019una p\u00e0gina web, plataforma o aplicaci\u00f3 i la utilitzaci\u00f3 de les diferents opcions o serveis que en ella existeixin com, per exemple, controlar el tr\u00e0fic i la comunicaci\u00f3 de dades, identificar la sessi\u00f3, accedir a parts d\u2019acc\u00e9s restringit, recordar els elements que integren una comanda, realitzar el proc\u00e9s de compra d\u2019una comanda, realitzar la sol\u00b7licitud d\u2019inscripci\u00f3 o participaci\u00f3 en un esdeveniment, utilitzar elements de seguretat durant la navegaci\u00f3, emmagatzemar continguts per la difusi\u00f3 de v\u00eddeos o so o compartir continguts a trav\u00e9s de xarxes socials.<\/p>\n<p>Cookies de personalitzaci\u00f3: S\u00f3n aquelles que permeten a l\u2019usuari accedir en el servei amb algunes caracter\u00edstiques de car\u00e0cter general predefinides en funci\u00f3 d\u2019una s\u00e8rie de criteris en el terminal de l\u2019usuari com per exemple serien l\u2019idioma, el tipus de navegador a trav\u00e9s del qual accedeix al servei, la configuraci\u00f3 regional des d\u2019on accedeix al servei, etc.<\/p>\n<p>Cookies d\u2019an\u00e0lisi: S\u00f3n aquelles que permeten al responsable d\u2019aquestes, el seguiment i an\u00e0lisi del comportament dels usuaris dels llocs web pels quals estan vinculats. La informaci\u00f3 recollida mitjan\u00e7ant aquest tipus de cookies s\u2019utilitza per mesurar l\u2019activitat dels llocs web, aplicaci\u00f3 o plataforma i per l\u2019elaboraci\u00f3 de perfils de navegaci\u00f3 dels usuaris d\u2019aquests llocs, aplicacions i plataformes, amb la finalitat d\u2019introduir millores en funci\u00f3 de l\u2019an\u00e0lisi de les dades d\u2019\u00fas que fan els usuaris del servei.<\/p>\n<p>Segons el Grup de Treball de l\u2019Article 29, en el seu Dictamen 4\/2012, ha interpretat que entre les cookies exceptuades del compliment de les obligacions establertes en l\u2019article 22.2 de la LSSI, estan les utilitzades per permetre \u00fanicament la comunicaci\u00f3 entre l\u2019equip de l\u2019usuari i la xarxa, i aquelles utilitzades estrictament per prestar un servei expressament sol\u00b7licitat per l\u2019usuari, estant aquelles que tenen per finalitat:<\/p>\n<p>&#8211; Cookies d\u2019 \u00abentrada de l\u2019usuari\u00bb<\/p>\n<p>&#8211; Cookies d\u2019autenticaci\u00f3 o identificaci\u00f3 d\u2019usuari (\u00fanicament de sessi\u00f3)<\/p>\n<p>&#8211; Cookies de seguretat de l\u2019usuari (Per exemple per detectar intents erronis i reiterats de connexi\u00f3 a un lloc web)<\/p>\n<p>&#8211; Cookies de sessi\u00f3 de reproductor multim\u00e8dia<\/p>\n<p>&#8211; Cookies de sessi\u00f3 per equilibrar la c\u00e0rrega<\/p>\n<p>&#8211; Cookies de personalitzaci\u00f3 de la interf\u00edcie d\u2019usuari<\/p>\n<p>&#8211; Cookies de complement (plug-in) per intercanviar continguts socials<\/p>\n<p>Les cookies de sessi\u00f3 i d\u2019entrada d\u2019usuari es solen utilitzar per rastrejar les accions de l\u2019usuari en emplenar els formularis en l\u00ednia a diverses p\u00e0gines, o com a cistella de la compra per fer el seguiment dels articles que l\u2019usuari ha seleccionat en pr\u00e9mer un bot\u00f3.<\/p>\n<p>Si es desactiva l\u2019acceptaci\u00f3 de les cookies estrictament necess\u00e0ries per la prestaci\u00f3 de determinats serveis sol\u00b7licitats expressament per l\u2019usuari, no podr\u00e0 consultar i\/o rebre correctament els continguts i serveis de www.marinapalamos.com.<\/p>\n<p>\u201cN\u00e0utic Palam\u00f3s, SA\u201d tamb\u00e9 utilitza les cookies anal\u00edtiques del servei de Google Analytics per analitzar la nostra p\u00e0gina web. Aquestes cookies s\u2019utilitzen per recollir informaci\u00f3 sobre l\u2019\u00fas de la nostra p\u00e0gina web per part dels visitants, utilitzant la informaci\u00f3 per facilitar i millorar la navegaci\u00f3. La desactivaci\u00f3 d\u2019aquestes cookies no afectar\u00e0 la funcionalitat de www.marinapalamos.com.<\/p>\n<p>Google Analytics \u00e9s l\u2019eina anal\u00edtica de Google que ajuda a les diferents p\u00e0gines webs i els propietaris d\u2019aplicatius entendre la manera en qu\u00e8 els seus visitants interactuen amb aquestes. Es poden usar un conjunt de cookies per recopilar informaci\u00f3 i informar de les estad\u00edstiques d\u2019\u00fas de les p\u00e0gines web sense identificar personalment els visitants de Google. M\u00e9s informaci\u00f3 sobre les cookies de Google Analytics i informaci\u00f3 sobre la privacitat a https:\/\/developers.google.com\/analytics\/devguides\/collection\/gajs\/cookie-usage?hl=es<\/p>\n<p>Algunes parts de la Web es poden connectar amb diverses xarxes socials com per exemple Facebook, Twitter, Google+, Linkedin, etc., pel que haur\u00e0 de consultar la pol\u00edtica de cookies que aquestes ofereixin en cada cas abans d\u2019utilitzar els seus serveis.<\/p>\n<p>Pot permetre, bloquejar o eliminar les cookies instal\u00b7lades en el seu equip mitjan\u00e7ant la configuraci\u00f3 de les opcions del seu navegador d\u2019Internet. A continuaci\u00f3 li indiquem els links dels principals navegadors on expliquen com:<\/p>\n<p>&#8211; Internet Explorer<\/p>\n<p>http:\/\/windows.microsoft.com\/es-es\/internet-explorer\/delete-manage-cookies<\/p>\n<p>&#8211; Google Chrome<\/p>\n<p>https:\/\/support.google.com\/chrome\/answer\/95647?hl=es<\/p>\n<p>&#8211; Google Chrome per a Android<\/p>\n<p>https:\/\/support.google.com\/chrome\/answer\/2392971?hl=es<\/p>\n<p>&#8211; Mozilla Firefox<\/p>\n<p>https:\/\/support.mozilla.org\/es\/kb\/habilitar-y-deshabilitar-cookies-que-los-sitios-we<\/p>\n<p>&#8211; Safari<\/p>\n<p>http:\/\/support.apple.com\/kb\/ph5042<\/p>\n<p>&#8211; Safari per a IOS (iPhone &#8211; iPad)<\/p>\n<p>http:\/\/support.apple.com\/kb\/ht1677?viewlocale=es_es&#038;locale=es_es<\/p>\n<p>Aquests navegadors estan sotmesos a constants actualitzacions i modificacions, pel qual no podem garantir que s\u2019ajustin completament a la versi\u00f3 del seu navegador actual. Tamb\u00e9 \u00e9s possible que utilitzi un altre navegador no contemplat en aquests enlla\u00e7os, pel qual haur\u00e0 de consultar l\u2019ajuda del seu navegador per configurar l\u2019\u00fas de cookies.<\/p>\n<p>Si volgu\u00e9s retirar en qualsevol moment el seu consentiment relacionat amb la present Pol\u00edtica de Cookies, haur\u00e0 d\u2019eliminar les cookies emmagatzemades a trav\u00e9s dels ajustos i configuracions del seu navegador d\u2019Internet.<\/p>\n<p>La present Pol\u00edtica de Cookies t\u00e9 per finalitat informar-lo de manera clara i precisa sobre les cookies que s\u2019utilitzen a www.marinapalamos.com. En cas que vulgui m\u00e9s informaci\u00f3 sobre l\u2019\u00fas de les cookies podr\u00e0 sol\u00b7licitar-ho per correu electr\u00f2nic a administracio@marinapalamos.com.<\/p>\n<\/div><div class=\"cky-audit-table-element\"><\/div><\/div><\/div><\/div><\/div>\n","protected":false},"excerpt":{"rendered":"","protected":false},"author":2,"featured_media":1011,"parent":0,"menu_order":0,"comment_status":"closed","ping_status":"closed","template":"","meta":{"_acf_changed":false,"footnotes":""},"class_list":["post-1273","page","type-page","status-publish","has-post-thumbnail","hentry"],"acf":[],"yoast_head":"<!-- This site is optimized with the Yoast SEO plugin v27.5 - https:\/\/yoast.com\/product\/yoast-seo-wordpress\/ -->\n<title>Pol\u00edtica de cookies - Marina Palam\u00f3s<\/title>\n<meta name=\"robots\" content=\"index, follow, max-snippet:-1, max-image-preview:large, max-video-preview:-1\" \/>\n<link rel=\"canonical\" href=\"https:\/\/www.marinapalamos.com\/ca\/politica-de-cookies\/\" \/>\n<meta property=\"og:locale\" content=\"ca_ES\" \/>\n<meta property=\"og:type\" content=\"article\" \/>\n<meta property=\"og:title\" content=\"Pol\u00edtica de cookies - Marina Palam\u00f3s\" \/>\n<meta property=\"og:url\" content=\"https:\/\/www.marinapalamos.com\/ca\/politica-de-cookies\/\" \/>\n<meta property=\"og:site_name\" content=\"Marina Palam\u00f3s\" \/>\n<meta property=\"article:modified_time\" content=\"2026-04-17T07:09:13+00:00\" \/>\n<meta property=\"og:image\" content=\"https:\/\/www.marinapalamos.com\/wp-content\/uploads\/2022\/02\/base_nautica.jpg\" \/>\n\t<meta property=\"og:image:width\" content=\"2350\" \/>\n\t<meta property=\"og:image:height\" content=\"660\" \/>\n\t<meta property=\"og:image:type\" content=\"image\/jpeg\" \/>\n<meta name=\"twitter:card\" content=\"summary_large_image\" \/>\n<meta name=\"twitter:label1\" content=\"Temps estimat de lectura\" \/>\n\t<meta name=\"twitter:data1\" content=\"2 minuts\" \/>\n<script type=\"application\/ld+json\" class=\"yoast-schema-graph\">{\"@context\":\"https:\\\/\\\/schema.org\",\"@graph\":[{\"@type\":\"WebPage\",\"@id\":\"https:\\\/\\\/www.marinapalamos.com\\\/ca\\\/politica-de-cookies\\\/\",\"url\":\"https:\\\/\\\/www.marinapalamos.com\\\/ca\\\/politica-de-cookies\\\/\",\"name\":\"Pol\u00edtica de cookies - Marina Palam\u00f3s\",\"isPartOf\":{\"@id\":\"https:\\\/\\\/www.marinapalamos.com\\\/#website\"},\"primaryImageOfPage\":{\"@id\":\"https:\\\/\\\/www.marinapalamos.com\\\/ca\\\/politica-de-cookies\\\/#primaryimage\"},\"image\":{\"@id\":\"https:\\\/\\\/www.marinapalamos.com\\\/ca\\\/politica-de-cookies\\\/#primaryimage\"},\"thumbnailUrl\":\"https:\\\/\\\/www.marinapalamos.com\\\/wp-content\\\/uploads\\\/2022\\\/02\\\/base_nautica.jpg\",\"datePublished\":\"2022-01-05T12:22:13+00:00\",\"dateModified\":\"2026-04-17T07:09:13+00:00\",\"breadcrumb\":{\"@id\":\"https:\\\/\\\/www.marinapalamos.com\\\/ca\\\/politica-de-cookies\\\/#breadcrumb\"},\"inLanguage\":\"ca\",\"potentialAction\":[{\"@type\":\"ReadAction\",\"target\":[\"https:\\\/\\\/www.marinapalamos.com\\\/ca\\\/politica-de-cookies\\\/\"]}]},{\"@type\":\"ImageObject\",\"inLanguage\":\"ca\",\"@id\":\"https:\\\/\\\/www.marinapalamos.com\\\/ca\\\/politica-de-cookies\\\/#primaryimage\",\"url\":\"https:\\\/\\\/www.marinapalamos.com\\\/wp-content\\\/uploads\\\/2022\\\/02\\\/base_nautica.jpg\",\"contentUrl\":\"https:\\\/\\\/www.marinapalamos.com\\\/wp-content\\\/uploads\\\/2022\\\/02\\\/base_nautica.jpg\",\"width\":2350,\"height\":660},{\"@type\":\"BreadcrumbList\",\"@id\":\"https:\\\/\\\/www.marinapalamos.com\\\/ca\\\/politica-de-cookies\\\/#breadcrumb\",\"itemListElement\":[{\"@type\":\"ListItem\",\"position\":1,\"name\":\"Inicio\",\"item\":\"https:\\\/\\\/www.marinapalamos.com\\\/ca\\\/\"},{\"@type\":\"ListItem\",\"position\":2,\"name\":\"Pol\u00edtica de cookies\"}]},{\"@type\":\"WebSite\",\"@id\":\"https:\\\/\\\/www.marinapalamos.com\\\/#website\",\"url\":\"https:\\\/\\\/www.marinapalamos.com\\\/\",\"name\":\"Marina Palam\u00f3s\",\"description\":\"Marina Palam\u00f3s\",\"potentialAction\":[{\"@type\":\"SearchAction\",\"target\":{\"@type\":\"EntryPoint\",\"urlTemplate\":\"https:\\\/\\\/www.marinapalamos.com\\\/?s={search_term_string}\"},\"query-input\":{\"@type\":\"PropertyValueSpecification\",\"valueRequired\":true,\"valueName\":\"search_term_string\"}}],\"inLanguage\":\"ca\"}]}<\/script>\n<!-- \/ Yoast SEO plugin. -->","yoast_head_json":{"title":"Pol\u00edtica de cookies - Marina Palam\u00f3s","robots":{"index":"index","follow":"follow","max-snippet":"max-snippet:-1","max-image-preview":"max-image-preview:large","max-video-preview":"max-video-preview:-1"},"canonical":"https:\/\/www.marinapalamos.com\/ca\/politica-de-cookies\/","og_locale":"ca_ES","og_type":"article","og_title":"Pol\u00edtica de cookies - Marina Palam\u00f3s","og_url":"https:\/\/www.marinapalamos.com\/ca\/politica-de-cookies\/","og_site_name":"Marina Palam\u00f3s","article_modified_time":"2026-04-17T07:09:13+00:00","og_image":[{"width":2350,"height":660,"url":"https:\/\/www.marinapalamos.com\/wp-content\/uploads\/2022\/02\/base_nautica.jpg","type":"image\/jpeg"}],"twitter_card":"summary_large_image","twitter_misc":{"Temps estimat de lectura":"2 minuts"},"schema":{"@context":"https:\/\/schema.org","@graph":[{"@type":"WebPage","@id":"https:\/\/www.marinapalamos.com\/ca\/politica-de-cookies\/","url":"https:\/\/www.marinapalamos.com\/ca\/politica-de-cookies\/","name":"Pol\u00edtica de cookies - Marina Palam\u00f3s","isPartOf":{"@id":"https:\/\/www.marinapalamos.com\/#website"},"primaryImageOfPage":{"@id":"https:\/\/www.marinapalamos.com\/ca\/politica-de-cookies\/#primaryimage"},"image":{"@id":"https:\/\/www.marinapalamos.com\/ca\/politica-de-cookies\/#primaryimage"},"thumbnailUrl":"https:\/\/www.marinapalamos.com\/wp-content\/uploads\/2022\/02\/base_nautica.jpg","datePublished":"2022-01-05T12:22:13+00:00","dateModified":"2026-04-17T07:09:13+00:00","breadcrumb":{"@id":"https:\/\/www.marinapalamos.com\/ca\/politica-de-cookies\/#breadcrumb"},"inLanguage":"ca","potentialAction":[{"@type":"ReadAction","target":["https:\/\/www.marinapalamos.com\/ca\/politica-de-cookies\/"]}]},{"@type":"ImageObject","inLanguage":"ca","@id":"https:\/\/www.marinapalamos.com\/ca\/politica-de-cookies\/#primaryimage","url":"https:\/\/www.marinapalamos.com\/wp-content\/uploads\/2022\/02\/base_nautica.jpg","contentUrl":"https:\/\/www.marinapalamos.com\/wp-content\/uploads\/2022\/02\/base_nautica.jpg","width":2350,"height":660},{"@type":"BreadcrumbList","@id":"https:\/\/www.marinapalamos.com\/ca\/politica-de-cookies\/#breadcrumb","itemListElement":[{"@type":"ListItem","position":1,"name":"Inicio","item":"https:\/\/www.marinapalamos.com\/ca\/"},{"@type":"ListItem","position":2,"name":"Pol\u00edtica de cookies"}]},{"@type":"WebSite","@id":"https:\/\/www.marinapalamos.com\/#website","url":"https:\/\/www.marinapalamos.com\/","name":"Marina Palam\u00f3s","description":"Marina Palam\u00f3s","potentialAction":[{"@type":"SearchAction","target":{"@type":"EntryPoint","urlTemplate":"https:\/\/www.marinapalamos.com\/?s={search_term_string}"},"query-input":{"@type":"PropertyValueSpecification","valueRequired":true,"valueName":"search_term_string"}}],"inLanguage":"ca"}]}},"_links":{"self":[{"href":"https:\/\/www.marinapalamos.com\/ca\/wp-json\/wp\/v2\/pages\/1273","targetHints":{"allow":["GET"]}}],"collection":[{"href":"https:\/\/www.marinapalamos.com\/ca\/wp-json\/wp\/v2\/pages"}],"about":[{"href":"https:\/\/www.marinapalamos.com\/ca\/wp-json\/wp\/v2\/types\/page"}],"author":[{"embeddable":true,"href":"https:\/\/www.marinapalamos.com\/ca\/wp-json\/wp\/v2\/users\/2"}],"replies":[{"embeddable":true,"href":"https:\/\/www.marinapalamos.com\/ca\/wp-json\/wp\/v2\/comments?post=1273"}],"version-history":[{"count":3,"href":"https:\/\/www.marinapalamos.com\/ca\/wp-json\/wp\/v2\/pages\/1273\/revisions"}],"predecessor-version":[{"id":8433,"href":"https:\/\/www.marinapalamos.com\/ca\/wp-json\/wp\/v2\/pages\/1273\/revisions\/8433"}],"wp:featuredmedia":[{"embeddable":true,"href":"https:\/\/www.marinapalamos.com\/ca\/wp-json\/wp\/v2\/media\/1011"}],"wp:attachment":[{"href":"https:\/\/www.marinapalamos.com\/ca\/wp-json\/wp\/v2\/media?parent=1273"}],"curies":[{"name":"wp","href":"https:\/\/api.w.org\/{rel}","templated":true}]}}