{"id":7636,"date":"2025-10-07T11:46:49","date_gmt":"2025-10-07T11:46:49","guid":{"rendered":"https:\/\/www.marinapalamos.com\/?page_id=7636"},"modified":"2026-02-17T12:45:19","modified_gmt":"2026-02-17T12:45:19","slug":"tarifes","status":"publish","type":"page","link":"https:\/\/www.marinapalamos.com\/ca\/tarifes\/","title":{"rendered":"Tarifes"},"content":{"rendered":"<div class=\"fusion-fullwidth fullwidth-box fusion-builder-row-1 fusion-flex-container nonhundred-percent-fullwidth non-hundred-percent-height-scrolling\" style=\"--awb-border-radius-top-left:0px;--awb-border-radius-top-right:0px;--awb-border-radius-bottom-right:0px;--awb-border-radius-bottom-left:0px;--awb-flex-wrap:wrap;\" ><div class=\"fusion-builder-row fusion-row fusion-flex-align-items-flex-start fusion-flex-content-wrap\" style=\"max-width:1300px;margin-left: calc(-4% \/ 2 );margin-right: calc(-4% \/ 2 );\"><div class=\"fusion-layout-column fusion_builder_column fusion-builder-column-0 fusion_builder_column_1_1 1_1 fusion-flex-column\" style=\"--awb-bg-size:cover;--awb-width-large:100%;--awb-margin-top-large:0px;--awb-spacing-right-large:1.92%;--awb-margin-bottom-large:20px;--awb-spacing-left-large:1.92%;--awb-width-medium:100%;--awb-order-medium:0;--awb-spacing-right-medium:1.92%;--awb-spacing-left-medium:1.92%;--awb-width-small:100%;--awb-order-small:0;--awb-spacing-right-small:1.92%;--awb-spacing-left-small:1.92%;\"><div class=\"fusion-column-wrapper fusion-column-has-shadow fusion-flex-justify-content-flex-start fusion-content-layout-column\"><div class=\"fusion-text fusion-text-1\"><h3>Tarifes<\/h3>\n<\/div><div class=\"fusion-text fusion-text-2\"><p>Aqu\u00ed hi trobar\u00e0 totes les tarifes.<\/p>\n<p>Per a qualsevol consulta, <strong>truqui\u2019ns al 972 601 000.<\/strong><\/p>\n<\/div><div ><a class=\"fusion-button button-flat fusion-button-default-size button-default fusion-button-default button-1 fusion-button-default-span fusion-button-default-type\" target=\"_blank\" rel=\"noopener noreferrer\" href=\"https:\/\/www.marinapalamos.com\/wp-content\/uploads\/2025\/11\/2026-Tarifes-Amarres-CAT-MARINA-PALAMOS-1.pdf\"><span class=\"fusion-button-text awb-button__text awb-button__text--default\">Tarifes Amarres<\/span><\/a><\/div><div class=\"fusion-separator fusion-full-width-sep\" style=\"align-self: center;margin-left: auto;margin-right: auto;width:100%;\"><div class=\"fusion-separator-border sep-single\" style=\"--awb-height:20px;--awb-amount:20px;--awb-sep-color:var(--awb-color1);border-color:var(--awb-color1);border-top-width:30px;\"><\/div><\/div><div ><a class=\"fusion-button button-flat fusion-button-default-size button-default fusion-button-default button-2 fusion-button-default-span fusion-button-default-type\" target=\"_blank\" rel=\"noopener noreferrer\" href=\"https:\/\/www.marinapalamos.com\/wp-content\/uploads\/2025\/11\/2026-Tarifes-Marina-Seca-CAT-MARINA-PALAMOS-1.pdf\"><span class=\"fusion-button-text awb-button__text awb-button__text--default\">Tarifes Marina Seca i Amarrament en Sec<\/span><\/a><\/div><div class=\"fusion-separator fusion-full-width-sep\" style=\"align-self: center;margin-left: auto;margin-right: auto;width:100%;\"><div class=\"fusion-separator-border sep-single\" style=\"--awb-height:20px;--awb-amount:20px;--awb-sep-color:var(--awb-color1);border-color:var(--awb-color1);border-top-width:30px;\"><\/div><\/div><div ><a class=\"fusion-button button-flat fusion-button-default-size button-default fusion-button-default button-3 fusion-button-default-span fusion-button-default-type\" target=\"_blank\" rel=\"noopener noreferrer\" href=\"https:\/\/www.marinapalamos.com\/wp-content\/uploads\/2026\/02\/2026-Tarifes-Moto-Aigua-CAT-MARINA-PALAMOS.pdf\"><span class=\"fusion-button-text awb-button__text awb-button__text--default\">Tarifes Moto d\u2019Aigua<\/span><\/a><\/div><div class=\"fusion-separator fusion-full-width-sep\" style=\"align-self: center;margin-left: auto;margin-right: auto;width:100%;\"><div class=\"fusion-separator-border sep-single\" style=\"--awb-height:20px;--awb-amount:20px;--awb-sep-color:var(--awb-color1);border-color:var(--awb-color1);border-top-width:30px;\"><\/div><\/div><div ><a class=\"fusion-button button-flat fusion-button-default-size button-default fusion-button-default button-4 fusion-button-default-span fusion-button-default-type\" target=\"_blank\" rel=\"noopener noreferrer\" href=\"https:\/\/www.marinapalamos.com\/wp-content\/uploads\/2025\/11\/2026-Tarifes-Parquing-i-abonaments-CAT-MARINA-PALAMOS.pdf\"><span class=\"fusion-button-text awb-button__text awb-button__text--default\">Tarifes P\u00e0rquing i Abonaments<\/span><\/a><\/div><div class=\"fusion-separator fusion-full-width-sep\" style=\"align-self: center;margin-left: auto;margin-right: auto;width:100%;\"><div class=\"fusion-separator-border sep-single\" style=\"--awb-height:20px;--awb-amount:20px;--awb-sep-color:var(--awb-color1);border-color:var(--awb-color1);border-top-width:30px;\"><\/div><\/div><div ><a class=\"fusion-button button-flat fusion-button-default-size button-default fusion-button-default button-5 fusion-button-default-span fusion-button-default-type\" target=\"_blank\" rel=\"noopener noreferrer\" href=\"https:\/\/www.marinapalamos.com\/wp-content\/uploads\/2025\/11\/2026-Tarifes-GRU-VAR-KAR-CAT-MARINA-PALAMOS-1.pdf\"><span class=\"fusion-button-text awb-button__text awb-button__text--default\">Tarifes Grues \/ Varador \/ Karcher<\/span><\/a><\/div><\/div><\/div><\/div><\/div>\n","protected":false},"excerpt":{"rendered":"","protected":false},"author":5,"featured_media":7631,"parent":0,"menu_order":0,"comment_status":"closed","ping_status":"closed","template":"","meta":{"_acf_changed":false,"footnotes":""},"class_list":["post-7636","page","type-page","status-publish","has-post-thumbnail","hentry"],"acf":[],"yoast_head":"<!-- This site is optimized with the Yoast SEO plugin v27.2 - https:\/\/yoast.com\/product\/yoast-seo-wordpress\/ -->\n<title>Tarifes - Marina Palam\u00f3s<\/title>\n<meta name=\"description\" content=\"Encuentre las tarifas de nuestros servicios en el mejor entorno de la Costa Brava. Para m\u00e1s informaci\u00f3n, ll\u00e1menos al 972 601 000.\" \/>\n<meta name=\"robots\" content=\"index, follow, max-snippet:-1, max-image-preview:large, max-video-preview:-1\" \/>\n<link rel=\"canonical\" href=\"https:\/\/www.marinapalamos.com\/ca\/tarifes\/\" \/>\n<meta property=\"og:locale\" content=\"ca_ES\" \/>\n<meta property=\"og:type\" content=\"article\" \/>\n<meta property=\"og:title\" content=\"Tarifes - Marina Palam\u00f3s\" \/>\n<meta property=\"og:description\" content=\"Encuentre las tarifas de nuestros servicios en el mejor entorno de la Costa Brava. Para m\u00e1s informaci\u00f3n, ll\u00e1menos al 972 601 000.\" \/>\n<meta property=\"og:url\" content=\"https:\/\/www.marinapalamos.com\/ca\/tarifes\/\" \/>\n<meta property=\"og:site_name\" content=\"Marina Palam\u00f3s\" \/>\n<meta property=\"article:modified_time\" content=\"2026-02-17T12:45:19+00:00\" \/>\n<meta property=\"og:image\" content=\"https:\/\/www.marinapalamos.com\/wp-content\/uploads\/2025\/10\/G1070021-1024x682.jpg\" \/>\n\t<meta property=\"og:image:width\" content=\"1024\" \/>\n\t<meta property=\"og:image:height\" content=\"682\" \/>\n\t<meta property=\"og:image:type\" content=\"image\/jpeg\" \/>\n<meta name=\"twitter:card\" content=\"summary_large_image\" \/>\n<meta name=\"twitter:label1\" content=\"Temps estimat de lectura\" \/>\n\t<meta name=\"twitter:data1\" content=\"1 minut\" \/>\n<script type=\"application\/ld+json\" class=\"yoast-schema-graph\">{\"@context\":\"https:\/\/schema.org\",\"@graph\":[{\"@type\":\"WebPage\",\"@id\":\"https:\/\/www.marinapalamos.com\/ca\/tarifes\/\",\"url\":\"https:\/\/www.marinapalamos.com\/ca\/tarifes\/\",\"name\":\"Tarifes - Marina Palam\u00f3s\",\"isPartOf\":{\"@id\":\"https:\/\/www.marinapalamos.com\/#website\"},\"primaryImageOfPage\":{\"@id\":\"https:\/\/www.marinapalamos.com\/ca\/tarifes\/#primaryimage\"},\"image\":{\"@id\":\"https:\/\/www.marinapalamos.com\/ca\/tarifes\/#primaryimage\"},\"thumbnailUrl\":\"https:\/\/www.marinapalamos.com\/wp-content\/uploads\/2025\/10\/G1070021-e1759834900655.jpg\",\"datePublished\":\"2025-10-07T11:46:49+00:00\",\"dateModified\":\"2026-02-17T12:45:19+00:00\",\"description\":\"Encuentre las tarifas de nuestros servicios en el mejor entorno de la Costa Brava. Para m\u00e1s informaci\u00f3n, ll\u00e1menos al 972 601 000.\",\"breadcrumb\":{\"@id\":\"https:\/\/www.marinapalamos.com\/ca\/tarifes\/#breadcrumb\"},\"inLanguage\":\"ca\",\"potentialAction\":[{\"@type\":\"ReadAction\",\"target\":[\"https:\/\/www.marinapalamos.com\/ca\/tarifes\/\"]}]},{\"@type\":\"ImageObject\",\"inLanguage\":\"ca\",\"@id\":\"https:\/\/www.marinapalamos.com\/ca\/tarifes\/#primaryimage\",\"url\":\"https:\/\/www.marinapalamos.com\/wp-content\/uploads\/2025\/10\/G1070021-e1759834900655.jpg\",\"contentUrl\":\"https:\/\/www.marinapalamos.com\/wp-content\/uploads\/2025\/10\/G1070021-e1759834900655.jpg\",\"width\":2000,\"height\":1333},{\"@type\":\"BreadcrumbList\",\"@id\":\"https:\/\/www.marinapalamos.com\/ca\/tarifes\/#breadcrumb\",\"itemListElement\":[{\"@type\":\"ListItem\",\"position\":1,\"name\":\"Inicio\",\"item\":\"https:\/\/www.marinapalamos.com\/ca\/\"},{\"@type\":\"ListItem\",\"position\":2,\"name\":\"Tarifes\"}]},{\"@type\":\"WebSite\",\"@id\":\"https:\/\/www.marinapalamos.com\/#website\",\"url\":\"https:\/\/www.marinapalamos.com\/\",\"name\":\"Marina Palam\u00f3s\",\"description\":\"Marina Palam\u00f3s\",\"potentialAction\":[{\"@type\":\"SearchAction\",\"target\":{\"@type\":\"EntryPoint\",\"urlTemplate\":\"https:\/\/www.marinapalamos.com\/?s={search_term_string}\"},\"query-input\":{\"@type\":\"PropertyValueSpecification\",\"valueRequired\":true,\"valueName\":\"search_term_string\"}}],\"inLanguage\":\"ca\"}]}<\/script>\n<!-- \/ Yoast SEO plugin. -->","yoast_head_json":{"title":"Tarifes - Marina Palam\u00f3s","description":"Encuentre las tarifas de nuestros servicios en el mejor entorno de la Costa Brava. Para m\u00e1s informaci\u00f3n, ll\u00e1menos al 972 601 000.","robots":{"index":"index","follow":"follow","max-snippet":"max-snippet:-1","max-image-preview":"max-image-preview:large","max-video-preview":"max-video-preview:-1"},"canonical":"https:\/\/www.marinapalamos.com\/ca\/tarifes\/","og_locale":"ca_ES","og_type":"article","og_title":"Tarifes - Marina Palam\u00f3s","og_description":"Encuentre las tarifas de nuestros servicios en el mejor entorno de la Costa Brava. Para m\u00e1s informaci\u00f3n, ll\u00e1menos al 972 601 000.","og_url":"https:\/\/www.marinapalamos.com\/ca\/tarifes\/","og_site_name":"Marina Palam\u00f3s","article_modified_time":"2026-02-17T12:45:19+00:00","og_image":[{"width":1024,"height":682,"url":"https:\/\/www.marinapalamos.com\/wp-content\/uploads\/2025\/10\/G1070021-1024x682.jpg","type":"image\/jpeg"}],"twitter_card":"summary_large_image","twitter_misc":{"Temps estimat de lectura":"1 minut"},"schema":{"@context":"https:\/\/schema.org","@graph":[{"@type":"WebPage","@id":"https:\/\/www.marinapalamos.com\/ca\/tarifes\/","url":"https:\/\/www.marinapalamos.com\/ca\/tarifes\/","name":"Tarifes - Marina Palam\u00f3s","isPartOf":{"@id":"https:\/\/www.marinapalamos.com\/#website"},"primaryImageOfPage":{"@id":"https:\/\/www.marinapalamos.com\/ca\/tarifes\/#primaryimage"},"image":{"@id":"https:\/\/www.marinapalamos.com\/ca\/tarifes\/#primaryimage"},"thumbnailUrl":"https:\/\/www.marinapalamos.com\/wp-content\/uploads\/2025\/10\/G1070021-e1759834900655.jpg","datePublished":"2025-10-07T11:46:49+00:00","dateModified":"2026-02-17T12:45:19+00:00","description":"Encuentre las tarifas de nuestros servicios en el mejor entorno de la Costa Brava. Para m\u00e1s informaci\u00f3n, ll\u00e1menos al 972 601 000.","breadcrumb":{"@id":"https:\/\/www.marinapalamos.com\/ca\/tarifes\/#breadcrumb"},"inLanguage":"ca","potentialAction":[{"@type":"ReadAction","target":["https:\/\/www.marinapalamos.com\/ca\/tarifes\/"]}]},{"@type":"ImageObject","inLanguage":"ca","@id":"https:\/\/www.marinapalamos.com\/ca\/tarifes\/#primaryimage","url":"https:\/\/www.marinapalamos.com\/wp-content\/uploads\/2025\/10\/G1070021-e1759834900655.jpg","contentUrl":"https:\/\/www.marinapalamos.com\/wp-content\/uploads\/2025\/10\/G1070021-e1759834900655.jpg","width":2000,"height":1333},{"@type":"BreadcrumbList","@id":"https:\/\/www.marinapalamos.com\/ca\/tarifes\/#breadcrumb","itemListElement":[{"@type":"ListItem","position":1,"name":"Inicio","item":"https:\/\/www.marinapalamos.com\/ca\/"},{"@type":"ListItem","position":2,"name":"Tarifes"}]},{"@type":"WebSite","@id":"https:\/\/www.marinapalamos.com\/#website","url":"https:\/\/www.marinapalamos.com\/","name":"Marina Palam\u00f3s","description":"Marina Palam\u00f3s","potentialAction":[{"@type":"SearchAction","target":{"@type":"EntryPoint","urlTemplate":"https:\/\/www.marinapalamos.com\/?s={search_term_string}"},"query-input":{"@type":"PropertyValueSpecification","valueRequired":true,"valueName":"search_term_string"}}],"inLanguage":"ca"}]}},"_links":{"self":[{"href":"https:\/\/www.marinapalamos.com\/ca\/wp-json\/wp\/v2\/pages\/7636","targetHints":{"allow":["GET"]}}],"collection":[{"href":"https:\/\/www.marinapalamos.com\/ca\/wp-json\/wp\/v2\/pages"}],"about":[{"href":"https:\/\/www.marinapalamos.com\/ca\/wp-json\/wp\/v2\/types\/page"}],"author":[{"embeddable":true,"href":"https:\/\/www.marinapalamos.com\/ca\/wp-json\/wp\/v2\/users\/5"}],"replies":[{"embeddable":true,"href":"https:\/\/www.marinapalamos.com\/ca\/wp-json\/wp\/v2\/comments?post=7636"}],"version-history":[{"count":5,"href":"https:\/\/www.marinapalamos.com\/ca\/wp-json\/wp\/v2\/pages\/7636\/revisions"}],"predecessor-version":[{"id":8333,"href":"https:\/\/www.marinapalamos.com\/ca\/wp-json\/wp\/v2\/pages\/7636\/revisions\/8333"}],"wp:featuredmedia":[{"embeddable":true,"href":"https:\/\/www.marinapalamos.com\/ca\/wp-json\/wp\/v2\/media\/7631"}],"wp:attachment":[{"href":"https:\/\/www.marinapalamos.com\/ca\/wp-json\/wp\/v2\/media?parent=7636"}],"curies":[{"name":"wp","href":"https:\/\/api.w.org\/{rel}","templated":true}]}}