{"id":2567,"date":"2022-01-05T12:21:55","date_gmt":"2022-01-05T12:21:55","guid":{"rendered":"https:\/\/www.marinapalamos.com\/?page_id=2567"},"modified":"2024-01-08T11:26:36","modified_gmt":"2024-01-08T11:26:36","slug":"legal-notice","status":"publish","type":"page","link":"https:\/\/www.marinapalamos.com\/en\/legal-notice\/","title":{"rendered":"Legal Notice"},"content":{"rendered":"<div class=\"fusion-fullwidth fullwidth-box fusion-builder-row-1 fusion-flex-container nonhundred-percent-fullwidth non-hundred-percent-height-scrolling\" style=\"--awb-border-radius-top-left:0px;--awb-border-radius-top-right:0px;--awb-border-radius-bottom-right:0px;--awb-border-radius-bottom-left:0px;--awb-flex-wrap:wrap;\" ><div class=\"fusion-builder-row fusion-row fusion-flex-align-items-flex-start fusion-flex-content-wrap\" style=\"max-width:1300px;margin-left: calc(-4% \/ 2 );margin-right: calc(-4% \/ 2 );\"><div class=\"fusion-layout-column fusion_builder_column fusion-builder-column-0 fusion_builder_column_1_1 1_1 fusion-flex-column\" style=\"--awb-bg-size:cover;--awb-width-large:100%;--awb-margin-top-large:0px;--awb-spacing-right-large:1.92%;--awb-margin-bottom-large:20px;--awb-spacing-left-large:1.92%;--awb-width-medium:100%;--awb-order-medium:0;--awb-spacing-right-medium:1.92%;--awb-spacing-left-medium:1.92%;--awb-width-small:100%;--awb-order-small:0;--awb-spacing-right-small:1.92%;--awb-spacing-left-small:1.92%;\"><div class=\"fusion-column-wrapper fusion-column-has-shadow fusion-flex-justify-content-flex-start fusion-content-layout-column\"><div class=\"fusion-text fusion-text-1\" style=\"--awb-text-transform:none;\"><p>En cumplimiento con el deber de informaci\u00f3n recogido en art\u00edculo 10 de la Ley 34\/2002, de 11 de julio, de Servicios de la Sociedad de la Informaci\u00f3n y del Comercio Electr\u00f3nico (LSSICE), el propietario de la web , le informa de lo siguiente:<\/p>\n<p>Denominaci\u00f3n social: N\u00c0UTIC PALAM\u00d3S, S.A<br \/>\nCIF: A58185943<br \/>\nDomicilio: c\/ Salvador Albert i Pey s\/n , 17230 Palam\u00f3s, Girona<\/p>\n<p>Con los l\u00edmites establecidos en la ley, N\u00c0UTIC PALAM\u00d3S, S.A no asume ninguna responsabilidad derivada de la falta de veracidad, integridad, actualizaci\u00f3n y precisi\u00f3n de los datos o informaciones que contienen sus p\u00e1ginas web.<\/p>\n<p>Los contenidos e informaci\u00f3n no vinculan a N\u00c0UTIC PALAM\u00d3S, S.A ni constituyen opiniones, consejos o asesoramiento legal de ning\u00fan tipo pues se trata meramente de un servicio ofrecido con car\u00e1cter informativo y divulgativo.<\/p>\n<p>Las p\u00e1ginas de Internet de N\u00c0UTIC PALAM\u00d3S, S.A pueden contener enlaces (links) a otras p\u00e1ginas de terceras partes que N\u00c0UTIC PALAM\u00d3S, S.A no puede controlar. Por lo tanto, N\u00c0UTIC PALAM\u00d3S, S.A no puede asumir responsabilidades por el contenido que pueda aparecer en p\u00e1ginas de terceros.<\/p>\n<p>Los textos, im\u00e1genes, sonidos, animaciones, software y el resto de contenidos incluidos en este website son propiedad exclusiva de N\u00c0UTIC PALAM\u00d3S, S.A o sus licenciantes. Cualquier acto de transmisi\u00f3n, distribuci\u00f3n, cesi\u00f3n, reproducci\u00f3n, almacenamiento o comunicaci\u00f3n p\u00fablica total o parcial, deber\u00e1 contar con el consentimiento expreso de N\u00c0UTIC PALAM\u00d3S, S.A<\/p>\n<p>Asimismo, para acceder a algunos de los servicios que N\u00c0UTIC PALAM\u00d3S, S.A ofrece a trav\u00e9s del sitio web, deber\u00e1 proporcionar algunos datos de car\u00e1cter personal. En cumplimiento de lo establecido en el Reglamento (UE) 2016\/679 del Parlamento Europeo y del Consejo, de 27 de abril de 2016, relativo a la protecci\u00f3n de las personas f\u00edsicas en lo que respecta al tratamiento de datos personales y a la libre circulaci\u00f3n de estos datos le informamos que, mediante la cumplimentaci\u00f3n de los presentes formularios, sus datos personales quedar\u00e1n incorporados y ser\u00e1n tratados en los ficheros de N\u00c0UTIC PALAM\u00d3S, S.A con el fin de poderle prestar y ofrecer nuestros servicios as\u00ed como para informarle de las mejoras del sitio Web.<\/p>\n<p>Le informamos tambi\u00e9n de que tendr\u00e1 la posibilidad en todo momento de ejercer los derechos de acceso, rectificaci\u00f3n, cancelaci\u00f3n, oposici\u00f3n, limitaci\u00f3n y portabilidad de sus datos de car\u00e1cter personal, de manera gratuita mediante email a:<strong> <a href=\"mailto:administracio@marinapalamos.com\">administracio@marinapalamos.com<\/a><\/strong>\u00a0o en la direcci\u00f3n: c\/ Salvador Albert i Pey s\/n , 17230 Palam\u00f3s, Girona.<\/p>\n<p>Si decidimos cambiar nuestra Pol\u00edtica de privacidad, publicaremos esos cambios en esta p\u00e1gina o actualizaremos la fecha de modificaci\u00f3n de la Pol\u00edtica de privacidad a continuaci\u00f3n.<\/p>\n<p>Esta Pol\u00edtica de privacidad fue modificada por \u00faltima vez en el 10 de marzo 2022.<\/p>\n<\/div><\/div><\/div><\/div><\/div>\n","protected":false},"excerpt":{"rendered":"","protected":false},"author":2,"featured_media":1096,"parent":0,"menu_order":0,"comment_status":"closed","ping_status":"closed","template":"","meta":{"_acf_changed":false,"footnotes":""},"class_list":["post-2567","page","type-page","status-publish","has-post-thumbnail","hentry"],"acf":[],"yoast_head":"<!-- This site is optimized with the Yoast SEO plugin v27.2 - https:\/\/yoast.com\/product\/yoast-seo-wordpress\/ -->\n<title>Legal Notice - Marina Palam\u00f3s<\/title>\n<meta name=\"description\" content=\"If we decide to change our Privacy Policy, we will post those changes on this page or update the Privacy Policy modification date below.\" \/>\n<meta name=\"robots\" content=\"index, follow, max-snippet:-1, max-image-preview:large, max-video-preview:-1\" \/>\n<link rel=\"canonical\" href=\"https:\/\/www.marinapalamos.com\/en\/legal-notice\/\" \/>\n<meta property=\"og:locale\" content=\"en_US\" \/>\n<meta property=\"og:type\" content=\"article\" \/>\n<meta property=\"og:title\" content=\"Legal Notice - Marina Palam\u00f3s\" \/>\n<meta property=\"og:description\" content=\"If we decide to change our Privacy Policy, we will post those changes on this page or update the Privacy Policy modification date below.\" \/>\n<meta property=\"og:url\" content=\"https:\/\/www.marinapalamos.com\/en\/legal-notice\/\" \/>\n<meta property=\"og:site_name\" content=\"Marina Palam\u00f3s\" \/>\n<meta property=\"article:modified_time\" content=\"2024-01-08T11:26:36+00:00\" \/>\n<meta property=\"og:image\" content=\"https:\/\/www.marinapalamos.com\/wp-content\/uploads\/2022\/02\/base_nautica.jpg\" \/>\n\t<meta property=\"og:image:width\" content=\"2350\" \/>\n\t<meta property=\"og:image:height\" content=\"660\" \/>\n\t<meta property=\"og:image:type\" content=\"image\/jpeg\" \/>\n<meta name=\"twitter:card\" content=\"summary_large_image\" \/>\n<meta name=\"twitter:label1\" content=\"Est. reading time\" \/>\n\t<meta name=\"twitter:data1\" content=\"3 minutes\" \/>\n<script type=\"application\/ld+json\" class=\"yoast-schema-graph\">{\"@context\":\"https:\/\/schema.org\",\"@graph\":[{\"@type\":\"WebPage\",\"@id\":\"https:\/\/www.marinapalamos.com\/en\/legal-notice\/\",\"url\":\"https:\/\/www.marinapalamos.com\/en\/legal-notice\/\",\"name\":\"Legal Notice - Marina Palam\u00f3s\",\"isPartOf\":{\"@id\":\"https:\/\/www.marinapalamos.com\/#website\"},\"primaryImageOfPage\":{\"@id\":\"https:\/\/www.marinapalamos.com\/en\/legal-notice\/#primaryimage\"},\"image\":{\"@id\":\"https:\/\/www.marinapalamos.com\/en\/legal-notice\/#primaryimage\"},\"thumbnailUrl\":\"https:\/\/www.marinapalamos.com\/wp-content\/uploads\/2022\/02\/base_nautica.jpg\",\"datePublished\":\"2022-01-05T12:21:55+00:00\",\"dateModified\":\"2024-01-08T11:26:36+00:00\",\"description\":\"If we decide to change our Privacy Policy, we will post those changes on this page or update the Privacy Policy modification date below.\",\"breadcrumb\":{\"@id\":\"https:\/\/www.marinapalamos.com\/en\/legal-notice\/#breadcrumb\"},\"inLanguage\":\"en-US\",\"potentialAction\":[{\"@type\":\"ReadAction\",\"target\":[\"https:\/\/www.marinapalamos.com\/en\/legal-notice\/\"]}]},{\"@type\":\"ImageObject\",\"inLanguage\":\"en-US\",\"@id\":\"https:\/\/www.marinapalamos.com\/en\/legal-notice\/#primaryimage\",\"url\":\"https:\/\/www.marinapalamos.com\/wp-content\/uploads\/2022\/02\/base_nautica.jpg\",\"contentUrl\":\"https:\/\/www.marinapalamos.com\/wp-content\/uploads\/2022\/02\/base_nautica.jpg\",\"width\":2350,\"height\":660},{\"@type\":\"BreadcrumbList\",\"@id\":\"https:\/\/www.marinapalamos.com\/en\/legal-notice\/#breadcrumb\",\"itemListElement\":[{\"@type\":\"ListItem\",\"position\":1,\"name\":\"Inicio\",\"item\":\"https:\/\/www.marinapalamos.com\/en\/\"},{\"@type\":\"ListItem\",\"position\":2,\"name\":\"Legal Notice\"}]},{\"@type\":\"WebSite\",\"@id\":\"https:\/\/www.marinapalamos.com\/#website\",\"url\":\"https:\/\/www.marinapalamos.com\/\",\"name\":\"Marina Palam\u00f3s\",\"description\":\"Marina Palam\u00f3s\",\"potentialAction\":[{\"@type\":\"SearchAction\",\"target\":{\"@type\":\"EntryPoint\",\"urlTemplate\":\"https:\/\/www.marinapalamos.com\/?s={search_term_string}\"},\"query-input\":{\"@type\":\"PropertyValueSpecification\",\"valueRequired\":true,\"valueName\":\"search_term_string\"}}],\"inLanguage\":\"en-US\"}]}<\/script>\n<!-- \/ Yoast SEO plugin. -->","yoast_head_json":{"title":"Legal Notice - Marina Palam\u00f3s","description":"If we decide to change our Privacy Policy, we will post those changes on this page or update the Privacy Policy modification date below.","robots":{"index":"index","follow":"follow","max-snippet":"max-snippet:-1","max-image-preview":"max-image-preview:large","max-video-preview":"max-video-preview:-1"},"canonical":"https:\/\/www.marinapalamos.com\/en\/legal-notice\/","og_locale":"en_US","og_type":"article","og_title":"Legal Notice - Marina Palam\u00f3s","og_description":"If we decide to change our Privacy Policy, we will post those changes on this page or update the Privacy Policy modification date below.","og_url":"https:\/\/www.marinapalamos.com\/en\/legal-notice\/","og_site_name":"Marina Palam\u00f3s","article_modified_time":"2024-01-08T11:26:36+00:00","og_image":[{"width":2350,"height":660,"url":"https:\/\/www.marinapalamos.com\/wp-content\/uploads\/2022\/02\/base_nautica.jpg","type":"image\/jpeg"}],"twitter_card":"summary_large_image","twitter_misc":{"Est. reading time":"3 minutes"},"schema":{"@context":"https:\/\/schema.org","@graph":[{"@type":"WebPage","@id":"https:\/\/www.marinapalamos.com\/en\/legal-notice\/","url":"https:\/\/www.marinapalamos.com\/en\/legal-notice\/","name":"Legal Notice - Marina Palam\u00f3s","isPartOf":{"@id":"https:\/\/www.marinapalamos.com\/#website"},"primaryImageOfPage":{"@id":"https:\/\/www.marinapalamos.com\/en\/legal-notice\/#primaryimage"},"image":{"@id":"https:\/\/www.marinapalamos.com\/en\/legal-notice\/#primaryimage"},"thumbnailUrl":"https:\/\/www.marinapalamos.com\/wp-content\/uploads\/2022\/02\/base_nautica.jpg","datePublished":"2022-01-05T12:21:55+00:00","dateModified":"2024-01-08T11:26:36+00:00","description":"If we decide to change our Privacy Policy, we will post those changes on this page or update the Privacy Policy modification date below.","breadcrumb":{"@id":"https:\/\/www.marinapalamos.com\/en\/legal-notice\/#breadcrumb"},"inLanguage":"en-US","potentialAction":[{"@type":"ReadAction","target":["https:\/\/www.marinapalamos.com\/en\/legal-notice\/"]}]},{"@type":"ImageObject","inLanguage":"en-US","@id":"https:\/\/www.marinapalamos.com\/en\/legal-notice\/#primaryimage","url":"https:\/\/www.marinapalamos.com\/wp-content\/uploads\/2022\/02\/base_nautica.jpg","contentUrl":"https:\/\/www.marinapalamos.com\/wp-content\/uploads\/2022\/02\/base_nautica.jpg","width":2350,"height":660},{"@type":"BreadcrumbList","@id":"https:\/\/www.marinapalamos.com\/en\/legal-notice\/#breadcrumb","itemListElement":[{"@type":"ListItem","position":1,"name":"Inicio","item":"https:\/\/www.marinapalamos.com\/en\/"},{"@type":"ListItem","position":2,"name":"Legal Notice"}]},{"@type":"WebSite","@id":"https:\/\/www.marinapalamos.com\/#website","url":"https:\/\/www.marinapalamos.com\/","name":"Marina Palam\u00f3s","description":"Marina Palam\u00f3s","potentialAction":[{"@type":"SearchAction","target":{"@type":"EntryPoint","urlTemplate":"https:\/\/www.marinapalamos.com\/?s={search_term_string}"},"query-input":{"@type":"PropertyValueSpecification","valueRequired":true,"valueName":"search_term_string"}}],"inLanguage":"en-US"}]}},"_links":{"self":[{"href":"https:\/\/www.marinapalamos.com\/en\/wp-json\/wp\/v2\/pages\/2567","targetHints":{"allow":["GET"]}}],"collection":[{"href":"https:\/\/www.marinapalamos.com\/en\/wp-json\/wp\/v2\/pages"}],"about":[{"href":"https:\/\/www.marinapalamos.com\/en\/wp-json\/wp\/v2\/types\/page"}],"author":[{"embeddable":true,"href":"https:\/\/www.marinapalamos.com\/en\/wp-json\/wp\/v2\/users\/2"}],"replies":[{"embeddable":true,"href":"https:\/\/www.marinapalamos.com\/en\/wp-json\/wp\/v2\/comments?post=2567"}],"version-history":[{"count":4,"href":"https:\/\/www.marinapalamos.com\/en\/wp-json\/wp\/v2\/pages\/2567\/revisions"}],"predecessor-version":[{"id":4524,"href":"https:\/\/www.marinapalamos.com\/en\/wp-json\/wp\/v2\/pages\/2567\/revisions\/4524"}],"wp:featuredmedia":[{"embeddable":true,"href":"https:\/\/www.marinapalamos.com\/en\/wp-json\/wp\/v2\/media\/1096"}],"wp:attachment":[{"href":"https:\/\/www.marinapalamos.com\/en\/wp-json\/wp\/v2\/media?parent=2567"}],"curies":[{"name":"wp","href":"https:\/\/api.w.org\/{rel}","templated":true}]}}